{"id":5,"date":"2019-04-20T17:26:32","date_gmt":"2019-04-20T17:26:32","guid":{"rendered":"http:\/\/heartofthesong.com\/?page_id=5"},"modified":"2026-02-24T09:28:00","modified_gmt":"2026-02-24T08:28:00","slug":"home","status":"publish","type":"page","link":"https:\/\/heartofthesong.com\/","title":{"rendered":"Home"},"content":{"rendered":"\n<div class=\"wp-block-cover alignfull is-light hots-header\" style=\"min-height:100vh;aspect-ratio:unset;\"><video class=\"wp-block-cover__video-background intrinsic-ignore\" autoplay muted loop playsinline src=\"https:\/\/heartofthesong.com\/wp-content\/uploads\/2022\/06\/lavendel-1.mp4\" data-object-fit=\"cover\"><\/video><span aria-hidden=\"true\" class=\"wp-block-cover__background has-background-dim-40 has-background-dim wp-block-cover__gradient-background has-background-gradient\" style=\"background:linear-gradient(135deg,rgb(255,203,112) 0%,rgb(199,81,192) 19%,rgb(65,88,208) 100%)\"><\/span><div class=\"wp-block-cover__inner-container is-layout-flow wp-block-cover-is-layout-flow\">\n<div class=\"wp-block-columns is-layout-flex wp-container-core-columns-is-layout-9d6595d7 wp-block-columns-is-layout-flex\">\n<div class=\"wp-block-column is-layout-flow wp-block-column-is-layout-flow\" style=\"flex-basis:100%\">\n<div class=\"wp-block-columns is-layout-flex wp-container-core-columns-is-layout-9d6595d7 wp-block-columns-is-layout-flex\">\n<div class=\"wp-block-column is-layout-flow wp-block-column-is-layout-flow\" style=\"flex-basis:100%\">\n<div class=\"wp-block-columns is-layout-flex wp-container-core-columns-is-layout-9d6595d7 wp-block-columns-is-layout-flex\">\n<div class=\"wp-block-column is-layout-flow wp-block-column-is-layout-flow\"><\/div>\n\n\n\n<div class=\"wp-block-column is-layout-flow wp-block-column-is-layout-flow\" style=\"flex-basis:80%\">\n<h2 class=\"wp-block-heading has-text-align-center has-white-color has-text-color\">Medicine woman<\/h2>\n\n\n\n<h2 class=\"wp-block-heading has-text-align-center has-white-color has-text-color\">Essential oils<\/h2>\n\n\n\n<h2 class=\"wp-block-heading has-text-align-center has-white-color has-text-color\">Doula<\/h2>\n\n\n\n<h2 class=\"wp-block-heading has-text-align-center has-white-color has-text-color\">SoulSupport<\/h2>\n<\/div>\n\n\n\n<div class=\"wp-block-column is-layout-flow wp-block-column-is-layout-flow\"><\/div>\n<\/div>\n<\/div>\n<\/div>\n<\/div>\n<\/div>\n<\/div><\/div>\n\n\n\n<div style=\"height:61px\" aria-hidden=\"true\" class=\"wp-block-spacer\"><\/div>\n\n\n\n<div class=\"wp-block-columns is-layout-flex wp-container-core-columns-is-layout-9d6595d7 wp-block-columns-is-layout-flex\">\n<div class=\"wp-block-column is-layout-flow wp-block-column-is-layout-flow\" style=\"flex-basis:100%\">\n<div class=\"wp-block-columns is-layout-flex wp-container-core-columns-is-layout-9d6595d7 wp-block-columns-is-layout-flex\">\n<div class=\"wp-block-column is-layout-flow wp-block-column-is-layout-flow\" style=\"flex-basis:25%\"><\/div>\n\n\n\n<div class=\"wp-block-column is-layout-flow wp-block-column-is-layout-flow\"><\/div>\n\n\n\n<div class=\"wp-block-column is-layout-flow wp-block-column-is-layout-flow\" style=\"flex-basis:70%\">\n<h2 class=\"wp-block-heading has-text-align-center\">Meine Angebote<\/h2>\n\n\n\n<hr class=\"wp-block-separator has-alpha-channel-opacity\"\/>\n\n\n\n<h3 class=\"wp-block-heading has-text-align-center has-text-color\" style=\"color:#97b31b;font-size:24px\">Aromatherapeutische K\u00f6rperbehandlungen<\/h3>\n\n\n\n<ul class=\"wp-block-list\">\n<li>Mit sanften Ber\u00fchrungen und \u00e4therischen \u00d6len bringe ich deinen K\u00f6rper in Schwingung und du erf\u00e4hrst Entspannung, Balance und St\u00e4rkung des Wohlbefindens auf allen Ebenen: K\u00f6rper, Geist und Seele!<\/li>\n\n\n\n<li><strong>Raindrops on Spine | 75 Minuten | EUR 140,-<\/strong><br>energetisierende, regenerierende und balancierende Anwendung f\u00fcr deine innere Aufrichtung und dein Wohlbefinden auf allen Ebenen!<\/li>\n\n\n\n<li><strong>Five on Feet |  40 Minuten<\/strong> <strong>| EUR 75,-<\/strong><br>F\u00fcnf \u00d6le an f\u00fcnf Fu\u00dfreflexzonen zur Ausbalancierung und Energetisierung des gesamten Organismus!<\/li>\n\n\n\n<li><strong>Emotional Clearing | 60 Minuten<\/strong> <strong>| EUR 95,-<\/strong><br>eine Anwendung f\u00fcr die Balance deines emotionalen K\u00f6rpers, die dich von innen st\u00e4rkt!<\/li>\n<\/ul>\n\n\n\n<div class=\"wp-block-buttons is-content-justification-center is-layout-flex wp-container-core-buttons-is-layout-16018d1d wp-block-buttons-is-layout-flex\">\n<div class=\"wp-block-button has-custom-width wp-block-button__width-50 termin-button\"><a class=\"wp-block-button__link has-medium-font-size has-text-align-center has-custom-font-size wp-element-button\" href=\"#contact-me\">termin  vereinbaren<\/a><\/div>\n<\/div>\n<\/div>\n\n\n\n<div class=\"wp-block-column is-layout-flow wp-block-column-is-layout-flow\" style=\"flex-basis:25%\"><\/div>\n<\/div>\n<\/div>\n<\/div>\n\n\n\n<div class=\"wp-block-columns is-layout-flex wp-container-core-columns-is-layout-9d6595d7 wp-block-columns-is-layout-flex\">\n<div class=\"wp-block-column is-layout-flow wp-block-column-is-layout-flow\" style=\"flex-basis:100%\">\n<div class=\"wp-block-columns is-layout-flex wp-container-core-columns-is-layout-9d6595d7 wp-block-columns-is-layout-flex\">\n<div class=\"wp-block-column is-layout-flow wp-block-column-is-layout-flow\" style=\"flex-basis:25%\"><\/div>\n\n\n\n<div class=\"wp-block-column is-layout-flow wp-block-column-is-layout-flow\"><\/div>\n\n\n\n<div class=\"wp-block-column is-layout-flow wp-block-column-is-layout-flow\" style=\"flex-basis:70%\">\n<h3 class=\"wp-block-heading has-text-align-center has-text-color\" style=\"color:#97b31b;font-size:24px\">SoulSupport by Heart of the Song<\/h3>\n\n\n\n<ul class=\"wp-block-list\">\n<li>Mit SoulSupport by Heart of the Song gebe ich dir den Raum f\u00fcr deine innere Klarheit, damit du deinen Weg gehen kannst!<\/li>\n\n\n\n<li>Unsere tiefen Verletzungen liegen in der Kindheit &#8211; einer Zeit, in der wir abh\u00e4ngig und ausgeliefert waren. Oftmals sind diese Verletzungen tief im Unterbewusstsein vergraben, von wo aus sie uns unbewusst beeinflussen.<\/li>\n\n\n\n<li>Mit SoulSupport by Heart of the Song kannst du dich in einem achtsamen, sicheren und liebevollen Raum auf den Weg machen, diese Verletzung ins Bewusstsein zu holen und zu heilen!<\/li>\n\n\n\n<li>Ich bin einfach da, h\u00f6re dir zu, halte den sicheren Raum und begleite dich bei deinen Prozessen! Du kannst in diesem sicheren Raum alles aussprechen, was dir auf der Seele liegt, f\u00fchlen, was zu f\u00fchlen ist, deine aktuelle Situation erkennen und dir bewusst machen, wo du gerade stehst, und wo du hinwillst!<\/li>\n\n\n\n<li>Meine Werkzeuge sind Zuh\u00f6ren, Aromatherapie, K\u00f6rpertherapie, Bewegung, Wahrnehmung und Bewusstseinarbeit! Du willst dich wieder in deinem K\u00f6rper wohlf\u00fchlen, mehr Freude im Leben empfinden?<br><br>Dein 90-Tage Transformationsprozess &#8222;Female Life Transformation&#8220; f\u00fchrt dich auf deiner Reise zu dir selbst hin zu mehr Lebensfreude, mehr Selbstvertrauen und Heilung deines Herzens.<br><br>Preis: EUR 3.700,-<\/li>\n\n\n\n<li class=\"quote-li \">&#8222;Dich von innen st\u00e4rken, <br>damit du nach au\u00dfen strahlst!&#8220;<\/li>\n<\/ul>\n\n\n\n<div class=\"wp-block-buttons is-content-justification-center is-layout-flex wp-container-core-buttons-is-layout-16018d1d wp-block-buttons-is-layout-flex\">\n<div class=\"wp-block-button has-custom-width wp-block-button__width-50 termin-button\"><a class=\"wp-block-button__link has-medium-font-size has-text-align-center has-custom-font-size wp-element-button\" href=\"#contact-me\">Kontaktiere mich!<\/a><\/div>\n<\/div>\n<\/div>\n\n\n\n<div class=\"wp-block-column is-layout-flow wp-block-column-is-layout-flow\" style=\"flex-basis:25%\"><\/div>\n<\/div>\n<\/div>\n<\/div>\n\n\n\n<div class=\"wp-block-columns is-layout-flex wp-container-core-columns-is-layout-9d6595d7 wp-block-columns-is-layout-flex\">\n<div class=\"wp-block-column is-layout-flow wp-block-column-is-layout-flow\" style=\"flex-basis:100%\">\n<div class=\"wp-block-columns is-layout-flex wp-container-core-columns-is-layout-9d6595d7 wp-block-columns-is-layout-flex\">\n<div class=\"wp-block-column is-layout-flow wp-block-column-is-layout-flow\" style=\"flex-basis:25%\"><\/div>\n\n\n\n<div class=\"wp-block-column is-layout-flow wp-block-column-is-layout-flow\"><\/div>\n\n\n\n<div class=\"wp-block-column is-layout-flow wp-block-column-is-layout-flow\" style=\"flex-basis:70%\">\n<h3 class=\"wp-block-heading has-text-align-center has-text-color\" style=\"color:#97b31b;font-size:24px\">Begleitung energetischer Heilungsprozesse&nbsp;<\/h3>\n\n\n\n<ul class=\"wp-block-list\">\n<li><strong>Cut the Cord<\/strong><br><em>Prozess zur Durchtrennung der energetischen Nabelschnur zur Mutter!<\/em><br>Du hast das Gef\u00fchl nicht ganz frei zu sein &#8211; irgendwie an einem seidenen Faden zu h\u00e4ngen?<br>Cut the Cord ist ein energetischer Heilungsprozess, den ich entwickelt habe, damit du Klarheit \u00fcber diesen seidenen Faden &#8211; ich nenne ihn die energetische Nabelschnur &#8211; erlangst. In diesem Prozess bringst du ihn dir ins Bewusstsein. Du wirst dir seiner Herkunft bewusst sowie was er dir bringt, aber auch was er dich kostet. Du entscheidest, ob du diese energetische Nabelschnur durchtrennen willst und damit zu einer freien Version deiner Selbst kommen willst.<br><br>Dauer: 4 Wochen | EUR 880,-<br><\/li>\n\n\n\n<li><a href=\"https:\/\/youtu.be\/qwe7kOY_Oo0?si=-U_MEpHqsvcT8AjU\" target=\"_blank\" rel=\"noopener\">Cut the Cord &#8211; das Video zum Prozess<\/a><\/li>\n<\/ul>\n\n\n\n<div class=\"wp-block-buttons is-content-justification-center is-layout-flex wp-container-core-buttons-is-layout-16018d1d wp-block-buttons-is-layout-flex\">\n<div class=\"wp-block-button has-custom-width wp-block-button__width-50 termin-button\"><a class=\"wp-block-button__link has-medium-font-size has-text-align-center has-custom-font-size wp-element-button\" href=\"#contact-me\">Kontaktiere mich!<\/a><\/div>\n<\/div>\n<\/div>\n\n\n\n<div class=\"wp-block-column is-layout-flow wp-block-column-is-layout-flow\" style=\"flex-basis:25%\"><\/div>\n<\/div>\n<\/div>\n<\/div>\n\n\n\n<div class=\"wp-block-columns is-layout-flex wp-container-core-columns-is-layout-9d6595d7 wp-block-columns-is-layout-flex\">\n<div class=\"wp-block-column is-layout-flow wp-block-column-is-layout-flow\" style=\"flex-basis:100%\">\n<div class=\"wp-block-columns is-layout-flex wp-container-core-columns-is-layout-9d6595d7 wp-block-columns-is-layout-flex\">\n<div class=\"wp-block-column is-layout-flow wp-block-column-is-layout-flow\" style=\"flex-basis:25%\"><\/div>\n\n\n\n<div class=\"wp-block-column is-layout-flow wp-block-column-is-layout-flow\"><\/div>\n\n\n\n<div class=\"wp-block-column is-layout-flow wp-block-column-is-layout-flow\" style=\"flex-basis:70%\">\n<h3 class=\"wp-block-heading has-text-align-center has-text-color\" style=\"color:#97b31b;font-size:24px\">Begleitung energetischer Heilungsprozesse&nbsp;<\/h3>\n\n\n\n<ul class=\"wp-block-list\">\n<li><strong>Walking Session<\/strong><br>Du setzt dich nicht gerne in eine Praxis, weil du dich eigentlich nicht krank f\u00fchlst und au\u00dferdem lieber Bewegung machst. Die Natur tut dir gut und im Gehen bekommst du den Kopf frei.<br>Dann komm zur SoulSupport Walking Session zu mir nach G\u00f6sting.<br>Wie l\u00e4uft das ab?<br>Wir gehen gemeinsam zur Ruine G\u00f6sting hinauf und du kannst dir im Gehen alles von der Seele reden, was da gerade so dr\u00fcckt und raus will. Gehen, stehen bleiben, sich mal links, mal rechts wenden, das kann so manchen Knoten l\u00f6sen.&nbsp;<br>Ich bin mit meiner Pr\u00e4senz, meinem offenen Ohr ganz bei dir und begleite dich \u2013 im wahrsten Sinne des Wortes \u2013 auf deinem Weg!<br><br>Dauer: Einzelstunde: EUR 120,-<\/li>\n<\/ul>\n\n\n\n<div class=\"wp-block-buttons is-content-justification-center is-layout-flex wp-container-core-buttons-is-layout-16018d1d wp-block-buttons-is-layout-flex\">\n<div class=\"wp-block-button has-custom-width wp-block-button__width-50 termin-button\"><a class=\"wp-block-button__link has-medium-font-size has-text-align-center has-custom-font-size wp-element-button\" href=\"#contact-me\">Kontaktiere mich!<\/a><\/div>\n<\/div>\n<\/div>\n\n\n\n<div class=\"wp-block-column is-layout-flow wp-block-column-is-layout-flow\" style=\"flex-basis:25%\"><\/div>\n<\/div>\n<\/div>\n<\/div>\n\n\n\n<div class=\"wp-block-columns is-layout-flex wp-container-core-columns-is-layout-9d6595d7 wp-block-columns-is-layout-flex\">\n<div class=\"wp-block-column is-layout-flow wp-block-column-is-layout-flow\" style=\"flex-basis:100%\">\n<div class=\"wp-block-columns is-layout-flex wp-container-core-columns-is-layout-9d6595d7 wp-block-columns-is-layout-flex\">\n<div class=\"wp-block-column is-layout-flow wp-block-column-is-layout-flow\" style=\"flex-basis:25%\"><\/div>\n\n\n\n<div class=\"wp-block-column is-layout-flow wp-block-column-is-layout-flow\"><\/div>\n\n\n\n<div class=\"wp-block-column is-layout-flow wp-block-column-is-layout-flow\" style=\"flex-basis:70%\">\n<h3 class=\"wp-block-heading has-text-align-center has-text-color\" style=\"color:#97b31b;font-size:24px\">Frauenkreis Pures Leben &#8211; Pure Life<br>Women Circle&nbsp;<\/h3>\n\n\n\n<p class=\"quote-li\"><\/p>\n\n\n\n<ul class=\"wp-block-list\">\n<li><strong>Was ist der Women Circle?<\/strong><br>Der Women Circle ist ein spiritueller Frauenkreis. Ein Raum, in dem du Verbindung aufnehmen und dich selbst finden kannst.<br>Das Weibliche ist das Verbindende. Das gro\u00dfe UND des Universums. Uns ist diese Verbindung verloren gegangen. Zu uns selbst, unserem K\u00f6rper, zu anderen Frauen, zu M\u00e4nnern. Es scheint als w\u00e4re niemand mehr da, mit dem wir uns austauschen k\u00f6nnen. Da wir Frauen das Verbindende in uns tragen, ist es nicht verloren. Wir k\u00f6nnen es uns wiederholen. Und das passiert im Frauenkreis.<br>Der Frauenkreis ist kein Gegen etwas, sondern ein F\u00fcr etwas.<br>Wir Frauen kommen zusammen, um miteinander zu sein, zu f\u00fchlen, uns zu erkennen. Uns zu st\u00e4rken.<br>Was du mitnimmst:<br>Das tiefe Vertrauen, das du genau richtig bist.<br>Das tiefe Gef\u00fchl von Verbindung und Verbundenheit, das dich st\u00e4rkt und erbl\u00fchen l\u00e4sst.<br>Die Erfahrung, dass du deinen Platz hast in dieser Welt &#8211; so wie du bist.<\/li>\n\n\n\n<li>Einmal im Monat findet der Women Circle in der <a href=\"https:\/\/www.casa-ananda.at\" target=\"_blank\" rel=\"noopener\">Casa Ananda<\/a> in Graz statt! Wir kommen im Kreis zusammen und feiern &#8211; im Jahreskreis, in einem Raum f\u00fcr Weiblichkeit, Atmen, F\u00fchlen, Wahrnehmen und Sein!<br>Mit Geschichten, Liedern, Trommelschl\u00e4gen, K\u00f6rper\u00fcbungen, \u00e4therischen \u00d6len und einer gef\u00fchrten Reise nach Innen (Meditation)!<\/li>\n\n\n\n<li>Die Termine f\u00fcr das Jahr 2026 &#8211; jeweils Samstag von 18-20 Uhr | Kosten: EUR 33,-<br><br><strong>21.03. Ostara! Fr\u00fchjahrstagundnachtgleiche! Die Mutter des Feuers feiern!<\/strong><br>Am\u00a021.03.\u00a0feiern wir\u00a0Ostara, die Mutter des Feuers, und\u00a0die\u00a0Fr\u00fchlingstagundnachtgleiche.\u00a0Im gemeinsamen Kreis feiern wir mit Liedern, Geschichten, Trommelschl\u00e4gen, K\u00f6rper\u00fcbungen, \u00e4therischen \u00d6len und einer gef\u00fchrten Reise nach innen.<br>Nach der langen dunklen Zeit des Ruhens und Insichkehrens steigt die Energie wieder auf. Die S\u00e4fte schie\u00dfen in die Pflanzen ein, Tiere suchen sich ihre Gef\u00e4hrten. Die Tage werden w\u00e4rmer und auch im menschlichen K\u00f6rper steigt die Energie wieder auf!<br>Nach dem Sehnen, dem Sp\u00fcren der Sehnsucht nach Licht und dem sich ank\u00fcndigenden Fr\u00fchling wandelt sich die G\u00f6ttin zur Tagundnachtgleiche zur Mutter des Feuers. Sie ist Ostara, die gr\u00fcne G\u00f6ttin der Fruchtbarkeit im Fr\u00fchling. Ihre Himmelsrichtung ist der Osten, wo die Sonne aufgeht und der Tag seinen Anfang nimmt.\u00a0Fr\u00fchlingsblumen und rote Eier symbolisieren sie, ebenso wie der Kraftstab!<br>Ihre Tiere sind der Hase, der Frosch und die B\u00e4rin und ihr mythologisches Tier der Feuerdrache! Ihr Baum ist die Hasel, die f\u00fcr den Fr\u00fchling, das Leben und die Unsterblichkeit steht. Die Mutter des Feuers segnet uns mit feuriger Energie, die voller Kraft und Lebensfreude ist, mit Fruchtbarkeit und Balance!<br><br>25.04. Die Nacht der Liebenden!<br>30.05. Lachen aus dem Bauch heraus!<br>20.06. Sommersonnenwende!<br>01.08. Die Schnitterin!<br>19.09. Die Mutter der Erde feiern! Den K\u00f6rper ehren!<br>31.10. Samhain! Tod und Wiedergeburt feiern!<br>21.11. Intuition &#8211; Verbindung zu dir selbst<br><\/li>\n\n\n\n<li class=\"quote-li\">&#8222;Zu lange waren wir schon getrennt<br>Von uns selbst und unserer Natur!<br>Es ist Zeit, dass wir wieder Verbindung aufnehmen!<br>Komm Schwester, lass uns im Kreis sitzen und uns die H\u00e4nde reichen!&#8220;<\/li>\n<\/ul>\n\n\n\n<p><\/p>\n\n\n\n<div class=\"wp-block-buttons is-content-justification-center is-layout-flex wp-container-core-buttons-is-layout-16018d1d wp-block-buttons-is-layout-flex\">\n<div class=\"wp-block-button has-custom-width wp-block-button__width-50 termin-button\"><a class=\"wp-block-button__link has-medium-font-size has-text-align-center has-custom-font-size wp-element-button\" href=\"#contact-me\">anmeldung<\/a><\/div>\n<\/div>\n<\/div>\n\n\n\n<div class=\"wp-block-column is-layout-flow wp-block-column-is-layout-flow\" style=\"flex-basis:25%\"><\/div>\n<\/div>\n\n\n\n<div class=\"wp-block-columns is-layout-flex wp-container-core-columns-is-layout-9d6595d7 wp-block-columns-is-layout-flex\">\n<div class=\"wp-block-column is-layout-flow wp-block-column-is-layout-flow\"><\/div>\n\n\n\n<div class=\"wp-block-column is-layout-flow wp-block-column-is-layout-flow\"><\/div>\n\n\n\n<div class=\"wp-block-column is-layout-flow wp-block-column-is-layout-flow\"><\/div>\n<\/div>\n<\/div>\n<\/div>\n\n\n\n<div class=\"wp-block-columns is-layout-flex wp-container-core-columns-is-layout-9d6595d7 wp-block-columns-is-layout-flex\">\n<div class=\"wp-block-column is-layout-flow wp-block-column-is-layout-flow\" style=\"flex-basis:100%\">\n<div class=\"wp-block-columns is-layout-flex wp-container-core-columns-is-layout-9d6595d7 wp-block-columns-is-layout-flex\">\n<div class=\"wp-block-column is-layout-flow wp-block-column-is-layout-flow\" style=\"flex-basis:25%\"><\/div>\n\n\n\n<div class=\"wp-block-column is-layout-flow wp-block-column-is-layout-flow\"><\/div>\n\n\n\n<div class=\"wp-block-column is-layout-flow wp-block-column-is-layout-flow\" style=\"flex-basis:70%\">\n<h2 class=\"wp-block-heading has-text-align-center\" id=\"contact-me\">contact me<\/h2>\n\n\n\n<div class=\"forminator-guttenberg\"><div class=\"forminator-ui forminator-custom-form forminator-custom-form-123 forminator-design--material  forminator_ajax\" data-forminator-render=\"0\" data-form=\"forminator-module-123\" data-uid=\"69d024f7e2053\"><br\/><\/div><form\n\t\t\t\tid=\"forminator-module-123\"\n\t\t\t\tclass=\"forminator-ui forminator-custom-form forminator-custom-form-123 forminator-design--material  forminator_ajax\"\n\t\t\t\tmethod=\"post\"\n\t\t\t\tdata-forminator-render=\"0\"\n\t\t\t\tdata-form-id=\"123\"\n\t\t\t\t data-color-option=\"default\" data-design=\"material\" data-grid=\"open\" style=\"display: none;\"\n\t\t\t\tdata-uid=\"69d024f7e2053\"\n\t\t\t><div role=\"alert\" aria-live=\"polite\" class=\"forminator-response-message forminator-error\" aria-hidden=\"true\"><\/div><div class=\"forminator-row\"><div id=\"name-1\" class=\"forminator-field-name forminator-col forminator-col-12 \"><div class=\"forminator-field\"><label for=\"forminator-field-name-1_69d024f7e2053\" id=\"forminator-field-name-1_69d024f7e2053-label\" class=\"forminator-label\">Name <span class=\"forminator-required\">*<\/span><\/label><input type=\"text\" name=\"name-1\" value=\"\" placeholder=\"\" id=\"forminator-field-name-1_69d024f7e2053\" class=\"forminator-input forminator-name--field\" aria-required=\"true\" autocomplete=\"name\" \/><\/div><\/div><\/div><div class=\"forminator-row\"><div id=\"email-1\" class=\"forminator-field-email forminator-col forminator-col-12 \"><div class=\"forminator-field\"><label for=\"forminator-field-email-1_69d024f7e2053\" id=\"forminator-field-email-1_69d024f7e2053-label\" class=\"forminator-label\">Email-Adresse <span class=\"forminator-required\">*<\/span><\/label><input type=\"email\" name=\"email-1\" value=\"\" placeholder=\"\" id=\"forminator-field-email-1_69d024f7e2053\" class=\"forminator-input forminator-email--field\" data-required=\"true\" aria-required=\"true\" autocomplete=\"email\" \/><\/div><\/div><\/div><div class=\"forminator-row\"><div id=\"phone-1\" class=\"forminator-field-phone forminator-col forminator-col-12 \"><div class=\"forminator-field\"><label for=\"forminator-field-phone-1_69d024f7e2053\" id=\"forminator-field-phone-1_69d024f7e2053-label\" class=\"forminator-label\">Telefon<\/label><input type=\"text\" name=\"phone-1\" value=\"\" placeholder=\"\" id=\"forminator-field-phone-1_69d024f7e2053\" class=\"forminator-input forminator-field--phone\" data-required=\"\" aria-required=\"false\" autocomplete=\"off\" \/><\/div><\/div><\/div><div class=\"forminator-row\"><div id=\"select-1\" class=\"forminator-field-select forminator-col forminator-col-12  form-dropdown\"><div class=\"forminator-field\"><select  id=\"forminator-form-123__field--select-1_69d024f7e2053\" class=\"forminator-select--field forminator-select2 forminator-select2-multiple\" data-required=\"1\" name=\"select-1\" data-default-value=\"\" data-hidden-behavior=\"zero\" data-placeholder=\"Betreff\" data-search=\"false\" data-search-placeholder=\"Betreff\" data-checkbox=\"false\" data-allow-clear=\"false\" aria-labelledby=\"forminator-form-123__field--select-1_69d024f7e2053-label\"><option value=\"\"  >Betreff<\/option><option value=\"Auf-zu-neuen-Ufern\"  data-calculation=\"0\">Auf zu neuen Ufern<\/option><option value=\"one\"  data-calculation=\"0\">Aromatherapeutische K\u00f6rperbehandlungen<\/option><option value=\"two\"  data-calculation=\"0\">SoulSupport by HeartoftheSong<\/option><option value=\"Cut-the-Cord\"  data-calculation=\"0\">Cut the Cord<\/option><option value=\"Women-Circle\"  data-calculation=\"0\">Women Circle<\/option><option value=\"Walking-Session\"  data-calculation=\"0\">Walking Session<\/option><\/select><\/div><\/div><\/div><div class=\"forminator-row\"><div id=\"textarea-1\" class=\"forminator-field-textarea forminator-col forminator-col-12 \"><div class=\"forminator-field\"><textarea name=\"textarea-1\" placeholder=\"\" id=\"forminator-field-textarea-1_69d024f7e2053\" class=\"forminator-textarea\" rows=\"6\" style=\"min-height:140px;\" maxlength=\"500\" ><\/textarea><span id=\"forminator-field-textarea-1_69d024f7e2053-description\" class=\"forminator-description\"><span data-limit=\"500\" data-type=\"characters\" data-editor=\"\">0 \/ 500<\/span><\/span><\/div><\/div><\/div><div class=\"forminator-row\"><div id=\"captcha-1\" class=\"forminator-field-captcha forminator-col forminator-col-12  nt-recaptcha\"><div class=\"forminator-captcha-left forminator-g-recaptcha\" data-theme=\"light\"  data-sitekey=\"6Lc2axwkAAAAAJDlNikAXI0hGwWXkyX-oFIKzD_0\" data-size=\"normal\"><\/div> <\/div><\/div><input type=\"hidden\" name=\"referer_url\" value=\"\" \/><div class=\"forminator-row forminator-row-last\"><div class=\"forminator-col\"><div class=\"forminator-field\"><button class=\"forminator-button forminator-button-submit\"><span>Absenden<\/span><span aria-hidden=\"true\"><\/span><\/button><\/div><\/div><\/div><input type=\"hidden\" id=\"forminator_nonce\" name=\"forminator_nonce\" value=\"7b712fe070\" \/><input type=\"hidden\" name=\"_wp_http_referer\" value=\"\/index.php?rest_route=%2Fwp%2Fv2%2Fpages%2F5\" \/><input type=\"hidden\" name=\"form_id\" value=\"123\"><input type=\"hidden\" name=\"page_id\" value=\"5\"><input type=\"hidden\" name=\"form_type\" value=\"default\"><input type=\"hidden\" name=\"current_url\" value=\"https:\/\/heartofthesong.com\/\"><input type=\"hidden\" name=\"render_id\" value=\"0\"><input type=\"hidden\" name=\"action\" value=\"forminator_submit_form_custom-forms\"><label for=\"input_6\" class=\"forminator-hidden\" aria-hidden=\"true\">Please do not fill in this field. <input id=\"input_6\" type=\"text\" name=\"input_6\" value=\"\" autocomplete=\"off\"><\/label><\/form><\/div>\n<\/div>\n\n\n\n<div class=\"wp-block-column is-layout-flow wp-block-column-is-layout-flow\" style=\"flex-basis:25%\"><\/div>\n<\/div>\n<\/div>\n<\/div>\n","protected":false},"excerpt":{"rendered":"<p>Meine Angebote Aromatherapeutische K\u00f6rperbehandlungen SoulSupport by Heart of the Song Begleitung energetischer Heilungsprozesse&nbsp; Begleitung energetischer Heilungsprozesse&nbsp; Frauenkreis Pures Leben &#8211; Pure LifeWomen Circle&nbsp; contact me<\/p>\n","protected":false},"author":1,"featured_media":0,"parent":0,"menu_order":0,"comment_status":"closed","ping_status":"closed","template":"front-page.php","meta":{"footnotes":""},"class_list":["post-5","page","type-page","status-publish","hentry"],"_links":{"self":[{"href":"https:\/\/heartofthesong.com\/index.php?rest_route=\/wp\/v2\/pages\/5","targetHints":{"allow":["GET"]}}],"collection":[{"href":"https:\/\/heartofthesong.com\/index.php?rest_route=\/wp\/v2\/pages"}],"about":[{"href":"https:\/\/heartofthesong.com\/index.php?rest_route=\/wp\/v2\/types\/page"}],"author":[{"embeddable":true,"href":"https:\/\/heartofthesong.com\/index.php?rest_route=\/wp\/v2\/users\/1"}],"replies":[{"embeddable":true,"href":"https:\/\/heartofthesong.com\/index.php?rest_route=%2Fwp%2Fv2%2Fcomments&post=5"}],"version-history":[{"count":165,"href":"https:\/\/heartofthesong.com\/index.php?rest_route=\/wp\/v2\/pages\/5\/revisions"}],"predecessor-version":[{"id":485,"href":"https:\/\/heartofthesong.com\/index.php?rest_route=\/wp\/v2\/pages\/5\/revisions\/485"}],"wp:attachment":[{"href":"https:\/\/heartofthesong.com\/index.php?rest_route=%2Fwp%2Fv2%2Fmedia&parent=5"}],"curies":[{"name":"wp","href":"https:\/\/api.w.org\/{rel}","templated":true}]}}